{"id":11890,"date":"2025-12-23T18:03:52","date_gmt":"2025-12-23T18:03:52","guid":{"rendered":"https:\/\/babochic.com\/?page_id=11890"},"modified":"2025-12-23T21:40:50","modified_gmt":"2025-12-23T21:40:50","slug":"savoire-faire","status":"publish","type":"page","link":"https:\/\/babochic.com\/?page_id=11890","title":{"rendered":"Savoire-faire"},"content":{"rendered":"\t\t<div data-elementor-type=\"wp-page\" data-elementor-id=\"11890\" class=\"elementor elementor-11890\" data-elementor-post-type=\"page\">\n\t\t\t\t<div class=\"elementor-element elementor-element-da03e9e translate-z-0 e-flex e-con-boxed e-con e-parent\" data-id=\"da03e9e\" data-element_type=\"container\" data-settings=\"{&quot;background_background&quot;:&quot;classic&quot;}\">\n\t\t\t\t\t<div class=\"e-con-inner\">\n\t\t\t\t<div class=\"elementor-element elementor-element-36e1d51 elementor-widget elementor-widget-ts-page-title\" data-id=\"36e1d51\" data-element_type=\"widget\" data-widget_type=\"ts-page-title.default\">\n\t\t\t\t<div class=\"elementor-widget-container\">\n\t\t\t\t\t<h1 class=\"heading-title page-title entry-title\">Savoire-faire<\/h1>\t\t\t\t<\/div>\n\t\t\t\t<\/div>\n\t\t\t\t<div class=\"elementor-element elementor-element-63fc790 elementor-widget__width-initial elementor-widget elementor-widget-heading\" data-id=\"63fc790\" data-element_type=\"widget\" data-widget_type=\"heading.default\">\n\t\t\t\t\t<div class=\"elementor-heading-title elementor-size-default\"><span style=\", sans-serif;font-size: 13px\">Chaque morceau de cuir est unique et est travaill\u00e9 de mani\u00e8re sp\u00e9cifique.<\/span><\/div>\t\t\t\t<\/div>\n\t\t\t\t\t<\/div>\n\t\t\t\t<\/div>\n\t\t<div class=\"elementor-element elementor-element-9200c4a e-flex e-con-boxed e-con e-parent\" data-id=\"9200c4a\" data-element_type=\"container\">\n\t\t\t\t\t<div class=\"e-con-inner\">\n\t\t\t\t<div class=\"elementor-element elementor-element-b27eb3d elementor-widget elementor-widget-heading\" data-id=\"b27eb3d\" data-element_type=\"widget\" data-widget_type=\"heading.default\">\n\t\t\t\t\t<h2 class=\"elementor-heading-title elementor-size-default\"><h4 style=\"margin-bottom: 0.5rem;font-weight: bold;line-height: 1.05556;font-size: 1.125rem;, sans-serif;letter-spacing: normal;font-style: normal\"><\/h4><h4 style=\"margin-bottom: 0.5rem;font-weight: bold;line-height: 1.05556;font-size: 1.125rem;, sans-serif;letter-spacing: normal;font-style: normal\">LES PRINCIPALES FINITIONS<span style=\"font-size: 40px\"><\/span><\/h4><\/h2>\t\t\t\t<\/div>\n\t\t\t\t<div class=\"elementor-element elementor-element-c180b19 elementor-widget elementor-widget-text-editor\" data-id=\"c180b19\" data-element_type=\"widget\" data-widget_type=\"text-editor.default\">\n\t\t\t\t\t\t\t\t\t<p>e\u00a0<b>cuir pleine fleur<\/b>\u00a0est un cuir ayant conserv\u00e9 sa surface d&#8217;origine : la fleur. Partie noble du cuir, laissant appara\u00eetre les caract\u00e9ristiques de la peau : grain naturel et rides.<br \/><br \/>Le\u00a0<b>cuir aniline<\/b>\u00a0est un cuir &#8221; pleine fleur &#8221; ayant re\u00e7u une mise en teinte au foulon \u00e0 l&#8217;aniline sur lequel le finissage transparent est r\u00e9alis\u00e9 par un film protecteur tr\u00e8s l\u00e9ger qui conf\u00e8re \u00e0 la peau douceur et souplesse.<br \/><br \/>Le\u00a0<b>cuir fleur corrig\u00e9e<\/b>\u00a0est un cuir ayant subi un l\u00e9ger pon\u00e7age de la fleur dans le but d&#8217;en homog\u00e9n\u00e9iser la surface et de supprimer certaines marques trop prononc\u00e9es.<br \/><br \/>Le\u00a0<b>cuir pigment\u00e9<\/b>\u00a0se dit d&#8217;un cuir pleine fleur ou \u00e0 la fleur corrig\u00e9e sur lequel on proc\u00e8de \u00e0 une finition lui donnant une surface plus r\u00e9guli\u00e8re et une meilleure tenue \u00e0 l&#8217;usage.<br \/><br \/>Le\u00a0<b>cuir \u00ab Nubuck\u00e9 \u00bb<\/b>\u00a0a un aspect velours obtenu \u00e0 partir de peaux de premi\u00e8re qualit\u00e9. Il doit cet aspect \u00e0 une finition ponc\u00e9e et bross\u00e9e c\u00f4t\u00e9 &#8221; fleur &#8221; qui lui conf\u00e8re un toucher d&#8217;une exceptionnelle douceur.<\/p>\t\t\t\t\t\t\t\t<\/div>\n\t\t\t\t\t<\/div>\n\t\t\t\t<\/div>\n\t\t<div class=\"elementor-element elementor-element-882b790 e-flex e-con-boxed e-con e-parent\" data-id=\"882b790\" data-element_type=\"container\">\n\t\t\t\t\t<div class=\"e-con-inner\">\n\t\t\t\t\t<\/div>\n\t\t\t\t<\/div>\n\t\t\t\t<\/div>\n\t\t","protected":false},"excerpt":{"rendered":"<p>Savoire-faire Chaque morceau de cuir est unique et est travaill\u00e9 de mani\u00e8re sp\u00e9cifique. LES PRINCIPALES FINITIONS e\u00a0cuir pleine fleur\u00a0est un [&hellip;]<\/p>\n","protected":false},"author":1,"featured_media":0,"parent":0,"menu_order":0,"comment_status":"closed","ping_status":"closed","template":"","meta":{"site-sidebar-layout":"default","site-content-layout":"","ast-site-content-layout":"default","site-content-style":"default","site-sidebar-style":"default","ast-global-header-display":"","ast-banner-title-visibility":"","ast-main-header-display":"","ast-hfb-above-header-display":"","ast-hfb-below-header-display":"","ast-hfb-mobile-header-display":"","site-post-title":"","ast-breadcrumbs-content":"","ast-featured-img":"","footer-sml-layout":"","ast-disable-related-posts":"","theme-transparent-header-meta":"","adv-header-id-meta":"","stick-header-meta":"","header-above-stick-meta":"","header-main-stick-meta":"","header-below-stick-meta":"","astra-migrate-meta-layouts":"default","ast-page-background-enabled":"default","ast-page-background-meta":{"desktop":{"background-color":"var(--ast-global-color-5)","background-image":"","background-repeat":"repeat","background-position":"center center","background-size":"auto","background-attachment":"scroll","background-type":"","background-media":"","overlay-type":"","overlay-color":"","overlay-opacity":"","overlay-gradient":""},"tablet":{"background-color":"","background-image":"","background-repeat":"repeat","background-position":"center center","background-size":"auto","background-attachment":"scroll","background-type":"","background-media":"","overlay-type":"","overlay-color":"","overlay-opacity":"","overlay-gradient":""},"mobile":{"background-color":"","background-image":"","background-repeat":"repeat","background-position":"center center","background-size":"auto","background-attachment":"scroll","background-type":"","background-media":"","overlay-type":"","overlay-color":"","overlay-opacity":"","overlay-gradient":""}},"ast-content-background-meta":{"desktop":{"background-color":"var(--ast-global-color-4)","background-image":"","background-repeat":"repeat","background-position":"center center","background-size":"auto","background-attachment":"scroll","background-type":"","background-media":"","overlay-type":"","overlay-color":"","overlay-opacity":"","overlay-gradient":""},"tablet":{"background-color":"var(--ast-global-color-4)","background-image":"","background-repeat":"repeat","background-position":"center center","background-size":"auto","background-attachment":"scroll","background-type":"","background-media":"","overlay-type":"","overlay-color":"","overlay-opacity":"","overlay-gradient":""},"mobile":{"background-color":"var(--ast-global-color-4)","background-image":"","background-repeat":"repeat","background-position":"center center","background-size":"auto","background-attachment":"scroll","background-type":"","background-media":"","overlay-type":"","overlay-color":"","overlay-opacity":"","overlay-gradient":""}},"footnotes":""},"class_list":["post-11890","page","type-page","status-publish","hentry"],"aioseo_notices":[],"_links":{"self":[{"href":"https:\/\/babochic.com\/index.php?rest_route=\/wp\/v2\/pages\/11890","targetHints":{"allow":["GET"]}}],"collection":[{"href":"https:\/\/babochic.com\/index.php?rest_route=\/wp\/v2\/pages"}],"about":[{"href":"https:\/\/babochic.com\/index.php?rest_route=\/wp\/v2\/types\/page"}],"author":[{"embeddable":true,"href":"https:\/\/babochic.com\/index.php?rest_route=\/wp\/v2\/users\/1"}],"replies":[{"embeddable":true,"href":"https:\/\/babochic.com\/index.php?rest_route=%2Fwp%2Fv2%2Fcomments&post=11890"}],"version-history":[{"count":15,"href":"https:\/\/babochic.com\/index.php?rest_route=\/wp\/v2\/pages\/11890\/revisions"}],"predecessor-version":[{"id":11937,"href":"https:\/\/babochic.com\/index.php?rest_route=\/wp\/v2\/pages\/11890\/revisions\/11937"}],"wp:attachment":[{"href":"https:\/\/babochic.com\/index.php?rest_route=%2Fwp%2Fv2%2Fmedia&parent=11890"}],"curies":[{"name":"wp","href":"https:\/\/api.w.org\/{rel}","templated":true}]}}